{"id":9558,"date":"2021-11-04T21:41:29","date_gmt":"2021-11-05T01:41:29","guid":{"rendered":"https:\/\/hiredynamics.com\/informacion-de-staffmasters\/"},"modified":"2021-11-04T21:41:29","modified_gmt":"2021-11-05T01:41:29","slug":"informacion-de-staffmasters","status":"publish","type":"page","link":"https:\/\/hiredynamics.com\/es\/informacion-de-staffmasters\/","title":{"rendered":"Informaci\u00f3n de Staffmasters"},"content":{"rendered":"<h2 style=\"text-align: center;\">StaffMasters se une a Hire Dynamics &#8211; \u00a1Convirti\u00e9ndonos en una de las empresas de personal m\u00e1s grandes, esta es su p\u00e1gina \u00fanica para todas las noticias relacionadas con la empresa reciente!<\/h2>\n<h3 style=\"text-align: center;\">Contratar a Dynamics y StaffMasters, el crecimiento conduce a la oportunidad<\/h3>\n<h4 style=\"text-align: center;\"><a href=\"https:\/\/hiredynprod.wpengine.com\/hire-dynamics-completes-acquisition-of-staffmasters\/\" target=\"_blank\" rel=\"noopener\">Haga clic aqu\u00ed para leer el comunicado de prensa<\/a><\/h4>\n<p style=\"text-align: center;\">\n<div class=\"embed-responsive embed-responsive-16by9\">\n<iframe loading=\"lazy\" class=\"embed-responsive-item\" src=\"https:\/\/player.vimeo.com\/video\/235637401\" width=\"100%\" height=\"350\" frameborder=\"0\" allowfullscreen=\"allowfullscreen\"><\/iframe>\n<\/div>\n<p><strong>DE UN VISTAZO<\/strong><br \/>\nProveedor de personal comercial de propiedad privada y l\u00edder en la industria clasificado entre el 2% superior de las empresas de contrataci\u00f3n de personal por su servicio. La misi\u00f3n de Hire Dynamics es ser la empresa de personal n\u00famero uno a la que recomendar\u00eda un amigo.<\/p>\n<p><strong>Fundado:<\/strong><\/p>\n<ul>\n<li>Hire Dynamics: 2001 por el presidente ejecutivo, Dan Campbell, y el director financiero Jon Neff<\/li>\n<li>StaffMasters: 1982 por el presidente y director ejecutivo, Richard Langdon<\/li>\n<\/ul>\n<p><strong>Sede corporativa:<\/strong> 1845 Satellite Boulevard | Suite 800 | Duluth, GA<\/p>\n<p>34 sucursales en todo el sureste:<br \/>\nGeorgia: Alpharetta, Atlanta South Metro, Buckhead, Cobb, Conyers, Gwinnett, Jefferson, McDonough<br \/>\nCarolina del Norte: Charlotte, Durham, Hickory, Statesville, Monroe, Gastonia, Lincolnton, High Point, Burlington, Madison, Albemarle, Salisbury, Concord, Ballantyne, Rock Hill, Forest City, Shelby<br \/>\nCarolina del Sur: Greenville, Columbia, Gaffney, Duncan, Newberry, Boiling Springs<br \/>\nTennessee: Nashville<br \/>\n<em>Hire Dynamics tambi\u00e9n tiene operaciones remotas en el sitio en Montgomery, Alabama y San Antonio, Texas<\/em><\/p>\n<p><strong>Mercados:<\/strong><\/p>\n<ul>\n<li>Georgia, Carolina del Norte, Carolina del Sur, Tennessee<\/li>\n<li>Servicios: Contact Centers, almac\u00e9n y log\u00edstica, servicios administrativos y fabricaci\u00f3n<\/li>\n<li>Una de las 5 principales empresas de contrataci\u00f3n de personal comercial en el sureste de EE. UU.<\/li>\n<li>70.a empresa de personal comercial m\u00e1s grande de los EE. UU.<\/li>\n<\/ul>\n<p><strong>Liderazgo:<\/strong><\/p>\n<ul>\n<li>Dan Campbell, presidente ejecutivo<\/li>\n<li>Richard Langdon, miembro de la junta<\/li>\n<li>Larry Feinstein, director ejecutivo<\/li>\n<li>Jon Neff, director financiero<\/li>\n<li>Kim Wallace, vicepresidente ejecutivo<\/li>\n<\/ul>\n<p><strong>Nuestra gente:<\/strong><\/p>\n<ul>\n<li>Clientes: m\u00e1s de 1500<\/li>\n<li>Instalaciones: 35<\/li>\n<li>Empleados: 265<\/li>\n<li>Ofrece trabajo a m\u00e1s de 38.000 personas; incluidos 900 veteranos<\/li>\n<\/ul>\n<p><strong>Reconocimiento | Premios:<\/strong><\/p>\n<ul>\n<li>Mejor cliente de dotaci\u00f3n de personal | Claramente clasificado como el 2% superior | 2013 &#8211; 2017, ganador del premio Diamante<\/li>\n<li>Mejor talento en dotaci\u00f3n de personal | Claramente clasificado como el 2% superior | 2013-2017, ganador del premio Diamante<\/li>\n<li>INC 5000 lista de empresas privadas de m\u00e1s r\u00e1pido crecimiento | 2009 &#8211; 2017<\/li>\n<li>Mejores lugares para trabajar | Atlanta | Charlotte | Nashville | Greenville<\/li>\n<\/ul>\n<h3>Preguntas y respuestas:<\/h3>\n","protected":false},"excerpt":{"rendered":"<p>StaffMasters se une a Hire Dynamics &#8211; \u00a1Convirti\u00e9ndonos en una de las empresas de personal m\u00e1s grandes, esta es su p\u00e1gina \u00fanica para todas las noticias relacionadas con la empresa reciente! Contratar a Dynamics y StaffMasters, el crecimiento conduce a la oportunidad Haga clic aqu\u00ed para leer el comunicado de prensa DE UN VISTAZO Proveedor &hellip; <\/p>\n<p class=\"link-more\"><a href=\"https:\/\/hiredynamics.com\/es\/informacion-de-staffmasters\/\" class=\"more-link\">Continue reading<span class=\"screen-reader-text\"> &#8220;Informaci\u00f3n de Staffmasters&#8221;<\/span><\/a><\/p>\n","protected":false},"author":7,"featured_media":0,"parent":0,"menu_order":0,"comment_status":"closed","ping_status":"closed","template":"","meta":{"_acf_changed":false,"footnotes":""},"class_list":["post-9558","page","type-page","status-publish","hentry"],"acf":[],"_links":{"self":[{"href":"https:\/\/hiredynamics.com\/es\/wp-json\/wp\/v2\/pages\/9558","targetHints":{"allow":["GET"]}}],"collection":[{"href":"https:\/\/hiredynamics.com\/es\/wp-json\/wp\/v2\/pages"}],"about":[{"href":"https:\/\/hiredynamics.com\/es\/wp-json\/wp\/v2\/types\/page"}],"author":[{"embeddable":true,"href":"https:\/\/hiredynamics.com\/es\/wp-json\/wp\/v2\/users\/7"}],"replies":[{"embeddable":true,"href":"https:\/\/hiredynamics.com\/es\/wp-json\/wp\/v2\/comments?post=9558"}],"version-history":[{"count":0,"href":"https:\/\/hiredynamics.com\/es\/wp-json\/wp\/v2\/pages\/9558\/revisions"}],"wp:attachment":[{"href":"https:\/\/hiredynamics.com\/es\/wp-json\/wp\/v2\/media?parent=9558"}],"curies":[{"name":"wp","href":"https:\/\/api.w.org\/{rel}","templated":true}]}}