{"id":9553,"date":"2021-11-04T21:41:28","date_gmt":"2021-11-05T01:41:28","guid":{"rendered":"https:\/\/hiredynamics.com\/sobre-nosotros\/carreras-internas\/"},"modified":"2021-11-16T10:59:20","modified_gmt":"2021-11-16T15:59:20","slug":"carreras-internas","status":"publish","type":"page","link":"https:\/\/hiredynamics.com\/es\/sobre-nosotros\/carreras-internas\/","title":{"rendered":"Carreras Internas"},"content":{"rendered":"<h1 style=\"text-align: center;\"><strong>\u00bfListo para un nuevo viaje profesional?<\/strong><br \/>\n\u00a1Bienvenido al comienzo de todo!<\/h1>\n<p>Fuimos construidos con la misi\u00f3n de ser la empresa de personal n\u00famero uno a la que recomendar\u00eda un amigo. Los fundadores de Hire Dynamics combinaron sus pasiones mutuas para crear una empresa de personal que pone a las personas en primer lugar y crea asociaciones que ayudan tanto a las empresas como a las personas a alcanzar sus objetivos. Desde el inicio, hemos experimentado un crecimiento acelerado y reflexivo que est\u00e1 impulsado por la creencia de que lo que hacemos realmente es importante para la vida de las personas en nuestras comunidades. Especializados en centros de contacto, log\u00edstica, operaciones de fabricaci\u00f3n y servicios de soporte de oficina, nuestro desempe\u00f1o se mide mejor por la lealtad de los clientes, el talento y los empleados. Con un puntaje de promotor neto del 73% entre los clientes y el 67% entre el talento, somos m\u00e1s de 3 veces el promedio de la industria para el talento y m\u00e1s de 9 veces el promedio de la industria para los clientes, lo que nos coloca en el 1% superior de las empresas de personal. Quiere trabajar para una organizaci\u00f3n donde &#8220;cada experiencia importa&#8221;, \u00a1bienvenido al comienzo de todo!<\/p>\n<div class=\"row mb-2\">\n<div class=\"col-md-6\">\n<h3>\u00bfPor qu\u00e9 unirse a Hire Dynamics, una empresa de los mejores lugares para trabajar?<\/h3>\n<ul>\n<li>Capacitaci\u00f3n continua en liderazgo y desarrollo profesional<\/li>\n<li>Oportunidades para el crecimiento y la progresi\u00f3n profesional<\/li>\n<li>Ganador de Mejor Dotaci\u00f3n de Personal 10 a\u00f1os consecutivos: 1% superior en nuestra industria<\/li>\n<li>Fecha de aniversario cada a\u00f1o como &#8220;Gracias&#8221;<\/li>\n<li>Fiesta flotante<\/li>\n<li>Conjunto completo de beneficios (m\u00e9dicos, dentales, de la vista, 401K y m\u00e1s)<\/li>\n<li>Plan de PTO competitivo<\/li>\n<li>Oportunidades de certificaci\u00f3n espec\u00edficas de la industria<\/li>\n<li>Pagar por estructura de compensaci\u00f3n por desempe\u00f1o<\/li>\n<li>Cultura din\u00e1mica que encarna la formaci\u00f3n de equipos, la participaci\u00f3n comunitaria y el liderazgo de servicio.<\/li>\n<\/ul>\n<\/div>\n<div class=\"col-md-6 roadmap\">\n<h3>Su hoja de ruta de la carrera de Hire Dynamics<\/h3>\n<ul>\n<li>Coordinadora de talento<\/li>\n<li>Especialista en personal<\/li>\n<li>Especialista senior en dotaci\u00f3n de personal<\/li>\n<li>Desarrollo de negocios<\/li>\n<li>Gerente de Operaciones<\/li>\n<li>Gerente de sucursal<\/li>\n<li>Administrador regional<\/li>\n<li>Oficina en casa<\/li>\n<\/ul>\n<\/div>\n<\/div>\n<div class=\"row gray-lightest text-center py-3 mb-2\">\n<h3 class=\"text-center mt-0\">Carreras internas disponibles en Hire Dynamics<\/h3>\n<p><a class=\"btn btn-primary mb-0\" href=\"https:\/\/hiredynamics.bamboohr.com\/jobs\/\" target=\"_blank\" rel=\"noopener noreferrer\">Ver posiciones disponibles<\/a><\/p>\n<\/div>\n<div class=\"row gray-lightest text-center py-3\">\n<h3 class=\"text-center mt-0\">\u00bfNo ves algo que te gusta? \u00a1Siempre estamos aceptando curr\u00edculums!<\/h3>\n<p><a class=\"btn btn-primary mb-0\" href=\"mailto:careers@hiredynamics.com\">Aceptando curr\u00edculums ahora en careers@hiredynamics.com<\/a><\/p>\n<\/div>\n","protected":false},"excerpt":{"rendered":"<p>\u00bfListo para un nuevo viaje profesional? \u00a1Bienvenido al comienzo de todo! Fuimos construidos con la misi\u00f3n de ser la empresa de personal n\u00famero uno a la que recomendar\u00eda un amigo. Los fundadores de Hire Dynamics combinaron sus pasiones mutuas para crear una empresa de personal que pone a las personas en primer lugar y crea &hellip; <\/p>\n<p class=\"link-more\"><a href=\"https:\/\/hiredynamics.com\/es\/sobre-nosotros\/carreras-internas\/\" class=\"more-link\">Continue reading<span class=\"screen-reader-text\"> &#8220;Carreras Internas&#8221;<\/span><\/a><\/p>\n","protected":false},"author":7,"featured_media":9423,"parent":9488,"menu_order":0,"comment_status":"closed","ping_status":"closed","template":"","meta":{"_acf_changed":false,"footnotes":""},"class_list":["post-9553","page","type-page","status-publish","has-post-thumbnail","hentry"],"acf":[],"_links":{"self":[{"href":"https:\/\/hiredynamics.com\/es\/wp-json\/wp\/v2\/pages\/9553","targetHints":{"allow":["GET"]}}],"collection":[{"href":"https:\/\/hiredynamics.com\/es\/wp-json\/wp\/v2\/pages"}],"about":[{"href":"https:\/\/hiredynamics.com\/es\/wp-json\/wp\/v2\/types\/page"}],"author":[{"embeddable":true,"href":"https:\/\/hiredynamics.com\/es\/wp-json\/wp\/v2\/users\/7"}],"replies":[{"embeddable":true,"href":"https:\/\/hiredynamics.com\/es\/wp-json\/wp\/v2\/comments?post=9553"}],"version-history":[{"count":0,"href":"https:\/\/hiredynamics.com\/es\/wp-json\/wp\/v2\/pages\/9553\/revisions"}],"up":[{"embeddable":true,"href":"https:\/\/hiredynamics.com\/es\/wp-json\/wp\/v2\/pages\/9488"}],"wp:featuredmedia":[{"embeddable":true,"href":"https:\/\/hiredynamics.com\/es\/wp-json\/wp\/v2\/media\/9423"}],"wp:attachment":[{"href":"https:\/\/hiredynamics.com\/es\/wp-json\/wp\/v2\/media?parent=9553"}],"curies":[{"name":"wp","href":"https:\/\/api.w.org\/{rel}","templated":true}]}}