{"id":9546,"date":"2021-11-04T21:41:27","date_gmt":"2021-11-05T01:41:27","guid":{"rendered":"https:\/\/hiredynamics.com\/condiciones-de-uso\/"},"modified":"2021-11-15T00:50:16","modified_gmt":"2021-11-15T05:50:16","slug":"condiciones-de-uso","status":"publish","type":"page","link":"https:\/\/hiredynamics.com\/es\/condiciones-de-uso\/","title":{"rendered":"Condiciones de uso"},"content":{"rendered":"<p><span style=\"color: #222222;\"><span style=\"font-family: Arial, serif;\"><span style=\"font-size: large;\"><b>Condiciones de uso del sitio web<\/b><\/span><\/span><\/span><\/p>\n<p><span style=\"color: #000000;\"><span style=\"font-family: Arial, serif;\"><span style=\"font-size: small;\">Al usar este sitio web,<\/span><\/span><\/span> <span style=\"color: #0563c1;\"><u><a href=\"https:\/\/hiredynprod.wpengine.com\/\" target=\"_blank\" rel=\"noopener\"><span style=\"font-family: Arial, serif;\"><span style=\"font-size: small;\">www.hiredynamics.com<\/span><\/span><\/a><\/u><\/span> <span style=\"color: #000000;\"><span style=\"font-family: Arial, serif;\"><span style=\"font-size: small;\">o<\/span><\/span><\/span> <span style=\"color: #0563c1;\"><u><a href=\"http:\/\/www.work4hd.com\/\" target=\"_blank\" rel=\"noopener\"><span style=\"font-family: Arial, serif;\"><span style=\"font-size: small;\">www.work4hd.com<\/span><\/span><\/a><\/u><\/span><span style=\"color: #000000;\"><span style=\"font-family: Arial, serif;\"><span style=\"font-size: small;\"> o app.work4hd.com, usted reconoce su aceptaci\u00f3n de las siguientes condiciones de uso sin limitaci\u00f3n ni calificaci\u00f3n. Lea atentamente estas condiciones antes de utilizar este sitio web. Estos t\u00e9rminos y condiciones pueden revisarse en cualquier momento actualizando esta publicaci\u00f3n. Usted est\u00e1 sujeto a dichas revisiones y, por lo tanto, debe visitar esta p\u00e1gina peri\u00f3dicamente para revisar los t\u00e9rminos y condiciones actuales a los que est\u00e1 sujeto. Su acceso y uso del sitio est\u00e1 sujeto a estos T\u00e9rminos de uso y nuestra Pol\u00edtica de privacidad que se encuentra en <\/span><\/span><\/span><a href=\"https:\/\/hiredynprod.wpengine.com\/privacy-policy\/\" target=\"_blank\" rel=\"noopener\"><span style=\"font-family: Arial, serif;\"><span style=\"font-size: small;\">P\u00e1gina de pol\u00edtica de privacidad <\/span><\/span><\/a><span style=\"color: #000000;\"><span style=\"font-family: Arial, serif;\"><span style=\"font-size: small;\">y todas las leyes aplicables. Al acceder al Sitio, acepta, sin limitaci\u00f3n ni calificaci\u00f3n, estos T\u00e9rminos de uso y nuestra Pol\u00edtica de privacidad. Como se usa en este documento, el t\u00e9rmino &#8220;usted&#8221; y &#8220;su&#8221; significar\u00e1 el usuario de este sitio web.<\/span><\/span><\/span><\/p>\n<p><span style=\"color: #222222;\"><span style=\"font-family: Arial, serif;\"><span style=\"font-size: large;\"><b>Descargo de responsabilidad<\/b><\/span><\/span><\/span><\/p>\n<p><span style=\"color: #000000;\"><span style=\"font-family: Arial, serif;\"><span style=\"font-size: small;\">La informaci\u00f3n de este sitio web se proporciona &#8220;tal cual&#8221; sin garant\u00eda de integridad, precisi\u00f3n y actualidad. En la m\u00e1xima medida permitida por la ley aplicable, Hire Dynamics (&#8220;Hire Dynamics&#8221;) renuncia a todas las garant\u00edas, expresas o impl\u00edcitas, incluidas, entre otras, las garant\u00edas impl\u00edcitas de comerciabilidad e idoneidad para un prop\u00f3sito particular. Hire Dynamics no garantiza que las funciones incorporadas en o en los materiales de este sitio web ser\u00e1n ininterrumpidas o libres de errores, que los defectos ser\u00e1n corregidos o que este sitio web o el servidor que lo pone a disposici\u00f3n est\u00e9n libres de virus u otros componentes da\u00f1inos. . Hire Dynamics no garantiza ni hace ninguna representaci\u00f3n con respecto al uso o los resultados del uso de la informaci\u00f3n en este sitio web en t\u00e9rminos de correcci\u00f3n, precisi\u00f3n, confiabilidad u otros. Usted (y no Hire Dynamics) asume el costo total de todos los servicios, reparaciones o correcciones necesarias debido al uso de este sitio web. La informaci\u00f3n y las descripciones contenidas en este documento no pretenden ser descripciones completas de todos los t\u00e9rminos, exclusiones y condiciones aplicables a los productos y servicios, sino que se proporcionan \u00fanicamente con fines informativos generales. Este sitio web puede estar vinculado a otros sitios web, que no son mantenidos por Hire Dynamics. Hire Dynamics no es responsable del contenido de esos sitios web. La inclusi\u00f3n de cualquier enlace a dichos sitios web no implica la aprobaci\u00f3n o el respaldo de Hire Dynamics de los sitios web o el contenido de los mismos. Hire Dynamics no se responsabiliza de la precisi\u00f3n o cualquier otro aspecto de la informaci\u00f3n contenida en esos otros sitios web. Al igual que con nuestro sitio web, debe familiarizarse con los t\u00e9rminos de uso de cualquier tercero cuando visite ese sitio web.<\/span><\/span><\/span><\/p>\n<p><span style=\"color: #222222;\"><span style=\"font-family: Arial, serif;\"><span style=\"font-size: large;\"><b>Limitaci\u00f3n de responsabilidad<\/b><\/span><\/span><\/span><\/p>\n<p><span style=\"color: #000000;\"><span style=\"font-family: Arial, serif;\"><span style=\"font-size: small;\">Si bien se ha hecho todo lo posible para garantizar que la informaci\u00f3n contenida en este sitio web sea precisa y est\u00e9 actualizada, a veces se producen errores u omisiones. Hire Dynamics no ofrece garant\u00edas ni representaciones en cuanto a la precisi\u00f3n de este sitio web. Bajo ninguna circunstancia, incluida, entre otras, negligencia, Hire Dynamics o cualquier parte involucrada en la creaci\u00f3n, producci\u00f3n o entrega del sitio web ser\u00e1 responsable ante usted por cualquier da\u00f1o directo, indirecto, incidental, consecuente o punitivo que resulte del uso. de, o la imposibilidad de usar, la informaci\u00f3n en este sitio web o el uso de materiales e informaci\u00f3n a la que se accede a trav\u00e9s de este sitio web, incluso si Hire Dynamics o un representante autorizado de Hire Dynamics han sido advertidos de la posibilidad de tales da\u00f1os. Hire Dynamics tampoco asume ninguna responsabilidad, y no ser\u00e1 responsable de ning\u00fan da\u00f1o o virus que puedan infectar su equipo inform\u00e1tico u otra propiedad como resultado de su acceso, uso o navegaci\u00f3n en el sitio web o la descarga de cualquier materiales, datos, texto, im\u00e1genes, video o audio de este sitio web.<\/span><\/span><\/span><\/p>\n<p><span style=\"color: #222222;\"><span style=\"font-family: Arial, serif;\"><span style=\"font-size: large;\"><b>Restricci\u00f3n de uso de materiales<\/b><\/span><\/span><\/span><\/p>\n<p><span style=\"color: #000000;\"><span style=\"font-family: Arial, serif;\"><span style=\"font-size: small;\">La informaci\u00f3n que se encuentra en este sitio web ha sido dise\u00f1ada para fines personales e informativos \u00fanicamente y no para uso comercial. Todo el contenido, como texto, gr\u00e1ficos, logotipos, botones, iconos e im\u00e1genes de este sitio web, son propiedad exclusiva de Hire Dynamics, a menos que se indique lo contrario, y est\u00e1n protegidos por las leyes de derechos de autor o marcas comerciales de los Estados Unidos y los tratados internacionales de derechos de autor. Salvo que Hire Dynamics permita expresamente lo contrario, ninguna informaci\u00f3n de este sitio web puede ser copiada, reproducida, republicada, cargada, publicada, transmitida, mostrada o distribuida de ninguna manera. Consulte con un profesional de Hire Dynamics antes de tomar cualquier medida o basar cualquier decisi\u00f3n en la informaci\u00f3n que se encuentra en este sitio web.<\/span><\/span><\/span><\/p>\n","protected":false},"excerpt":{"rendered":"<p>Condiciones de uso del sitio web Al usar este sitio web, www.hiredynamics.com o www.work4hd.com o app.work4hd.com, usted reconoce su aceptaci\u00f3n de las siguientes condiciones de uso sin limitaci\u00f3n ni calificaci\u00f3n. Lea atentamente estas condiciones antes de utilizar este sitio web. Estos t\u00e9rminos y condiciones pueden revisarse en cualquier momento actualizando esta publicaci\u00f3n. Usted est\u00e1 sujeto &hellip; <\/p>\n<p class=\"link-more\"><a href=\"https:\/\/hiredynamics.com\/es\/condiciones-de-uso\/\" class=\"more-link\">Continue reading<span class=\"screen-reader-text\"> &#8220;Condiciones de uso&#8221;<\/span><\/a><\/p>\n","protected":false},"author":7,"featured_media":0,"parent":0,"menu_order":0,"comment_status":"closed","ping_status":"closed","template":"","meta":{"_acf_changed":false,"footnotes":""},"class_list":["post-9546","page","type-page","status-publish","hentry"],"acf":[],"_links":{"self":[{"href":"https:\/\/hiredynamics.com\/es\/wp-json\/wp\/v2\/pages\/9546","targetHints":{"allow":["GET"]}}],"collection":[{"href":"https:\/\/hiredynamics.com\/es\/wp-json\/wp\/v2\/pages"}],"about":[{"href":"https:\/\/hiredynamics.com\/es\/wp-json\/wp\/v2\/types\/page"}],"author":[{"embeddable":true,"href":"https:\/\/hiredynamics.com\/es\/wp-json\/wp\/v2\/users\/7"}],"replies":[{"embeddable":true,"href":"https:\/\/hiredynamics.com\/es\/wp-json\/wp\/v2\/comments?post=9546"}],"version-history":[{"count":0,"href":"https:\/\/hiredynamics.com\/es\/wp-json\/wp\/v2\/pages\/9546\/revisions"}],"wp:attachment":[{"href":"https:\/\/hiredynamics.com\/es\/wp-json\/wp\/v2\/media?parent=9546"}],"curies":[{"name":"wp","href":"https:\/\/api.w.org\/{rel}","templated":true}]}}