{"id":9544,"date":"2021-11-04T21:41:27","date_gmt":"2021-11-05T01:41:27","guid":{"rendered":"https:\/\/hiredynamics.com\/politica-de-accesibilidad\/"},"modified":"2021-11-08T01:13:01","modified_gmt":"2021-11-08T06:13:01","slug":"politica-de-accesibilidad","status":"publish","type":"page","link":"https:\/\/hiredynamics.com\/es\/politica-de-accesibilidad\/","title":{"rendered":"Pol\u00edtica de accesibilidad"},"content":{"rendered":"<h1>Pol\u00edtica de accesibilidad<\/h1>\n<p><strong>Hiredynamics<\/strong> se compromete a garantizar que nuestro sitio web sea accesible para personas con discapacidades. Buscamos asegurarnos de que nuestro sitio web cumpla con los criterios de \u00e9xito de Nivel AA de las Pautas de accesibilidad al contenido web 2.0 (WCAG 2.0) de las Iniciativas de accesibilidad web (WAI) del Consorcio World Wide Web (W3C). Estas pautas son el punto de referencia reconocido internacionalmente para la creaci\u00f3n de sitios web accesibles. El sitio web <strong>de Hiredynamics<\/strong> se ha desarrollado utilizando un c\u00f3digo compatible con los est\u00e1ndares W3C para que se muestre adecuadamente en los navegadores m\u00e1s utilizados y sea compatible con los lectores de pantalla m\u00e1s utilizados.<\/p>\n<p>Las p\u00e1ginas de nuestro sitio web est\u00e1n siendo revisadas peri\u00f3dicamente por nuestro personal capacitado y autom\u00e1ticamente con la ayuda de ax: el software Accessibility Engine, para evaluar el cumplimiento de las pautas de accesibilidad. Este es un proceso continuo para mejorar la accesibilidad del contenido de nuestro sitio web y los problemas que puedan surgirnos est\u00e1n siendo atendidos.<\/p>\n<h2>Cont\u00e1ctenos<\/h2>\n<p>Si tiene alguna dificultad para acceder al contenido de este sitio o tiene inquietudes sobre accesibilidad, comun\u00edquese mediante <a href=\"https:\/\/hiredynprod.wpengine.com\/contact\/\" target=\"_blank\" rel=\"noopener\">este formulario<\/a> o si prefiere no usar el formulario, puede enviarnos un correo electr\u00f3nico a <a href=\"mailto:LCoonrod@hiredynamics.com\">LCoonrod@hiredynamics.com<\/a><\/p>\n<h2>Funciones de accesibilidad de este sitio web<\/h2>\n<h3>Selector de estilo<\/h3>\n<p>Si encuentra que el texto es demasiado dif\u00edcil de leer debido a su color, utilice el bot\u00f3n de cambio de estilo disponible en la parte superior izquierda de cada p\u00e1gina. Cambiar\u00e1 los textos de nuestro sitio web y su fondo para que pueda ser le\u00eddo por personas con visi\u00f3n moderadamente baja.<\/p>\n<h3>Tamano del texto<\/h3>\n<p>Si encuentra que el texto de este sitio es demasiado peque\u00f1o, puede cambiarlo f\u00e1cilmente con una funci\u00f3n de zoom incorporada disponible en todos los navegadores modernos. Para hacer esto, seleccione la opci\u00f3n apropiada del men\u00fa del navegador web o use la siguiente combinaci\u00f3n de teclado<\/p>\n<ul>\n<li>Acercar: Ctrl +<\/li>\n<li>Alejar: Ctrl &#8211;<\/li>\n<\/ul>\n<h3>Controles de movimiento<\/h3>\n<p>Todos los elementos que se mueven, parpadean, se desplazan y se actualizan autom\u00e1ticamente en nuestro sitio web tienen la opci\u00f3n de detenerlos junto a ellos.<\/p>\n<h3>Control del volumen<\/h3>\n<p>Cada archivo de video y audio en nuestro sitio web tiene su propio control de volumen disponible en la parte inferior derecha del reproductor multimedia.<\/p>\n","protected":false},"excerpt":{"rendered":"<p>Pol\u00edtica de accesibilidad Hiredynamics se compromete a garantizar que nuestro sitio web sea accesible para personas con discapacidades. Buscamos asegurarnos de que nuestro sitio web cumpla con los criterios de \u00e9xito de Nivel AA de las Pautas de accesibilidad al contenido web 2.0 (WCAG 2.0) de las Iniciativas de accesibilidad web (WAI) del Consorcio World &hellip; <\/p>\n<p class=\"link-more\"><a href=\"https:\/\/hiredynamics.com\/es\/politica-de-accesibilidad\/\" class=\"more-link\">Continue reading<span class=\"screen-reader-text\"> &#8220;Pol\u00edtica de accesibilidad&#8221;<\/span><\/a><\/p>\n","protected":false},"author":7,"featured_media":0,"parent":0,"menu_order":0,"comment_status":"closed","ping_status":"closed","template":"","meta":{"_acf_changed":false,"footnotes":""},"class_list":["post-9544","page","type-page","status-publish","hentry"],"acf":[],"_links":{"self":[{"href":"https:\/\/hiredynamics.com\/es\/wp-json\/wp\/v2\/pages\/9544","targetHints":{"allow":["GET"]}}],"collection":[{"href":"https:\/\/hiredynamics.com\/es\/wp-json\/wp\/v2\/pages"}],"about":[{"href":"https:\/\/hiredynamics.com\/es\/wp-json\/wp\/v2\/types\/page"}],"author":[{"embeddable":true,"href":"https:\/\/hiredynamics.com\/es\/wp-json\/wp\/v2\/users\/7"}],"replies":[{"embeddable":true,"href":"https:\/\/hiredynamics.com\/es\/wp-json\/wp\/v2\/comments?post=9544"}],"version-history":[{"count":0,"href":"https:\/\/hiredynamics.com\/es\/wp-json\/wp\/v2\/pages\/9544\/revisions"}],"wp:attachment":[{"href":"https:\/\/hiredynamics.com\/es\/wp-json\/wp\/v2\/media?parent=9544"}],"curies":[{"name":"wp","href":"https:\/\/api.w.org\/{rel}","templated":true}]}}