{"id":9535,"date":"2021-11-04T21:41:25","date_gmt":"2021-11-05T01:41:25","guid":{"rendered":"https:\/\/hiredynamics.com\/club-de-buscadores-hd\/"},"modified":"2021-11-08T00:53:05","modified_gmt":"2021-11-08T05:53:05","slug":"club-de-buscadores-hd","status":"publish","type":"page","link":"https:\/\/hiredynamics.com\/es\/club-de-buscadores-hd\/","title":{"rendered":"Club de Buscadores HD"},"content":{"rendered":"<h1><strong>Tr\u00e1enos a tu mejor gente<\/strong> y te recompensaremos por ello.<\/h1>\n<p><strong>Gane $ 100 por cada amigo o colega que refiera a Hire Dynamics.<\/strong><\/p>\n<p><strong><span style=\"color: #800000;\">C\u00f3mo funciona:<\/span><\/strong><\/p>\n<ol>\n<li><a href=\"\/job-seekers\/finders-club\/finders-club-referral-form\/\" target=\"_blank\" rel=\"noopener noreferrer\">Env\u00ede su referencia<\/a> utilizando nuestro formulario o llame a su sucursal local.<\/li>\n<li>\u00a1Su referencia completa 160 horas de servicio en cualquier puesto de Hire Dynamics abierto y le daremos $ 100!<\/li>\n<li>Su referencia completa 160 horas de servicio en cualquier din\u00e1mica de contrataci\u00f3n abierta y recibe $ 25 (adem\u00e1s de su pago normal).<\/li>\n<\/ol>\n<h3><span style=\"color: #800000;\">Preguntas frecuentes<\/span><\/h3>\n<p><strong>\u00bfQui\u00e9n es un referido elegible para este programa?<\/strong><br \/>\nCualquier persona que busque empleo, especialmente en nuestras \u00e1reas de especializaci\u00f3n: fabricaci\u00f3n, log\u00edstica, centro de llamadas, oficina \/ administrativo o comercio electr\u00f3nico. Cualquier puesto vacante es elegible.<\/p>\n<p><strong>\u00bfCu\u00e1ntas referencias puedo darte?<\/strong><br \/>\n\u00a1Tantos como quieras! Aceptaremos cada referencia que env\u00ede y le pagaremos por cada referencia que cumpla con los requisitos del programa.<\/p>\n<p><strong>\u00bfTengo que estar asignado a Hire Dynamics para enviar mi recomendaci\u00f3n y recibir una compensaci\u00f3n?<\/strong><br \/>\n\u00a1Las referencias de nuestros talentosos asociados son los mejores cumplidos que podemos recibir! Para calificar para los bonos de referencia en efectivo, actualmente debe estar trabajando en una asignaci\u00f3n para Hire Dynamics y estar al d\u00eda o ser un HD Grad. Sin embargo, debido a que nuestra misi\u00f3n es ser la empresa de personal n\u00famero uno a la que recomendar\u00eda un amigo, tambi\u00e9n agradecemos las referencias de antiguos asociados, amigos y colegas que puedan dar fe de la calidad de nuestros servicios. Aquellos que no est\u00e9n actualmente asignados a Hire Dynamics ser\u00e1n recompensados con una tarjeta de regalo de $ 50 por referencias exitosas.<\/p>\n<p><!--<strong>Do you have a flyer I can give to my referral that tells them more about working with Hire Dynamics?<\/strong>\nYes! You can download it here.--><strong><span style=\"color: #800000;\"><br \/>\nHD Finders Club: \u00a1Positivamente gratificante!<\/span><\/strong><\/p>\n","protected":false},"excerpt":{"rendered":"<p>Tr\u00e1enos a tu mejor gente y te recompensaremos por ello. Gane $ 100 por cada amigo o colega que refiera a Hire Dynamics. C\u00f3mo funciona: Env\u00ede su referencia utilizando nuestro formulario o llame a su sucursal local. \u00a1Su referencia completa 160 horas de servicio en cualquier puesto de Hire Dynamics abierto y le daremos $ &hellip; <\/p>\n<p class=\"link-more\"><a href=\"https:\/\/hiredynamics.com\/es\/club-de-buscadores-hd\/\" class=\"more-link\">Continue reading<span class=\"screen-reader-text\"> &#8220;Club de Buscadores HD&#8221;<\/span><\/a><\/p>\n","protected":false},"author":7,"featured_media":9438,"parent":0,"menu_order":0,"comment_status":"closed","ping_status":"closed","template":"","meta":{"_acf_changed":false,"footnotes":""},"class_list":["post-9535","page","type-page","status-publish","has-post-thumbnail","hentry"],"acf":[],"_links":{"self":[{"href":"https:\/\/hiredynamics.com\/es\/wp-json\/wp\/v2\/pages\/9535","targetHints":{"allow":["GET"]}}],"collection":[{"href":"https:\/\/hiredynamics.com\/es\/wp-json\/wp\/v2\/pages"}],"about":[{"href":"https:\/\/hiredynamics.com\/es\/wp-json\/wp\/v2\/types\/page"}],"author":[{"embeddable":true,"href":"https:\/\/hiredynamics.com\/es\/wp-json\/wp\/v2\/users\/7"}],"replies":[{"embeddable":true,"href":"https:\/\/hiredynamics.com\/es\/wp-json\/wp\/v2\/comments?post=9535"}],"version-history":[{"count":0,"href":"https:\/\/hiredynamics.com\/es\/wp-json\/wp\/v2\/pages\/9535\/revisions"}],"wp:featuredmedia":[{"embeddable":true,"href":"https:\/\/hiredynamics.com\/es\/wp-json\/wp\/v2\/media\/9438"}],"wp:attachment":[{"href":"https:\/\/hiredynamics.com\/es\/wp-json\/wp\/v2\/media?parent=9535"}],"curies":[{"name":"wp","href":"https:\/\/api.w.org\/{rel}","templated":true}]}}