{"id":9480,"date":"2021-11-04T21:40:43","date_gmt":"2021-11-05T01:40:43","guid":{"rendered":"https:\/\/hiredynamics.com\/para-empleadores\/"},"modified":"2022-08-22T18:41:50","modified_gmt":"2022-08-22T22:41:50","slug":"para-empleadores","status":"publish","type":"page","link":"https:\/\/hiredynamics.com\/es\/para-empleadores\/","title":{"rendered":"Para empleadores"},"content":{"rendered":"<h1><strong>Tenemos su contrataci\u00f3n,<\/strong> para que pueda concentrarse en su negocio<\/h1>\n<p>Ya sea que est\u00e9 tratando de cumplir con una fecha l\u00edmite o &#8220;Topgrade&#8221; su organizaci\u00f3n:<\/p>\n<p><strong>Se trata de proporcionarle talento a pedido.<\/strong><\/p>\n<p>En Hire Dynamics, hemos aprendido que el \u00e9xito del personal comienza con la comprensi\u00f3n. Hacemos que nuestra prioridad sea conocerte a ti y a tu negocio. Entonces hacemos muchas preguntas. Preguntas sobre los desaf\u00edos de su negocio. Tus metas. Y tus requisitos de contrataci\u00f3n.<\/p>\n<p>Al comprender verdaderamente su negocio, podemos dise\u00f1ar estrategias proactivas e integrales de contrataci\u00f3n y contrataci\u00f3n de personal, estrategias que lo ayudar\u00e1n a:<\/p>\n<ul>\n<li>Acceda de manera eficiente a los mejores talentos y realice mejores contrataciones<\/li>\n<li>Complete proyectos de misi\u00f3n cr\u00edtica y administre de manera rentable los altibajos de su negocio<\/li>\n<li>Aumente la retenci\u00f3n, la eficacia y la productividad de los empleados<\/li>\n<li>Controlar los costos asociados con las horas extraordinarias y la contrataci\u00f3n ineficaz<\/li>\n<li>Optimice sus funciones de personal y recursos humanos<\/li>\n<\/ul>\n<p>&nbsp;<\/p>\n<p><strong>Nos especializamos en estas \u00e1reas:<\/strong><br \/>\n[row]<br \/>\n[column md=&#8221;3&#8243;]<br \/>\n<a style=\"display: inline-block;\" href=\"https:\/\/hiredynprod.wpengine.com\/employers\/logistics\/\" target=\"_blank\" rel=\"noopener\"><img loading=\"lazy\" decoding=\"async\" class=\"aligncenter wp-image-8779 size-full\" src=\"https:\/\/hiredynamics.com\/wp-content\/uploads\/2015\/02\/logecom.jpg\" alt=\"Logistics \/ E-commerce\" width=\"130\" height=\"100\" \/><\/a><br \/>\n[\/column]<br \/>\n[column md=&#8221;3&#8243;]<br \/>\n<a style=\"display: inline-block;\" href=\"https:\/\/hiredynprod.wpengine.com\/employers\/manufacturers\/\" target=\"_blank\" rel=\"noopener\"><img loading=\"lazy\" decoding=\"async\" class=\"aligncenter wp-image-8778 size-full\" src=\"https:\/\/hiredynamics.com\/wp-content\/uploads\/2015\/02\/manu.jpg\" alt=\"Manufacturing\" width=\"152\" height=\"100\" srcset=\"https:\/\/hiredynamics.com\/wp-content\/uploads\/2015\/02\/manu.jpg 152w, https:\/\/hiredynamics.com\/wp-content\/uploads\/2015\/02\/manu-150x100.jpg 150w\" sizes=\"auto, (max-width: 152px) 100vw, 152px\" \/><\/a><br \/>\n[\/column]<br \/>\n[column md=&#8221;3&#8243;]<br \/>\n<a style=\"display: inline-block;\" href=\"https:\/\/hiredynprod.wpengine.com\/employers\/office\/\" target=\"_blank\" rel=\"noopener\"><img loading=\"lazy\" decoding=\"async\" class=\"aligncenter wp-image-8776 size-full\" src=\"https:\/\/hiredynamics.com\/wp-content\/uploads\/2015\/02\/office.jpg\" alt=\"Office\" width=\"78\" height=\"100\" \/><\/a><br \/>\n[\/column]<br \/>\n[column md=&#8221;3&#8243;]<\/p>\n<p><a style=\"display: inline-block;\" href=\"https:\/\/hiredynprod.wpengine.com\/employers\/contact-centers\/\" target=\"_blank\" rel=\"noopener\"><img loading=\"lazy\" decoding=\"async\" class=\"aligncenter wp-image-8777 size-full\" src=\"https:\/\/hiredynamics.com\/wp-content\/uploads\/2015\/02\/cont.jpg\" alt=\"Contact Centers\" width=\"96\" height=\"100\" \/><\/a><\/p>\n<p>[\/column]<br \/>\n[\/row]<\/p>\n<p><strong>En pocas palabras, hacemos m\u00e1s que simplemente completar sus pedidos. Hacemos de tu negocio nuestro negocio.<\/strong><\/p>\n<p>Si est\u00e1 buscando un verdadero socio de personal, una empresa que escuche, piense y ponga sus intereses en primer lugar, comun\u00edquese con Hire Dynamics.<\/p>\n","protected":false},"excerpt":{"rendered":"<p>Tenemos su contrataci\u00f3n, para que pueda concentrarse en su negocio Ya sea que est\u00e9 tratando de cumplir con una fecha l\u00edmite o &#8220;Topgrade&#8221; su organizaci\u00f3n: Se trata de proporcionarle talento a pedido. En Hire Dynamics, hemos aprendido que el \u00e9xito del personal comienza con la comprensi\u00f3n. Hacemos que nuestra prioridad sea conocerte a ti y &hellip; <\/p>\n<p class=\"link-more\"><a href=\"https:\/\/hiredynamics.com\/es\/para-empleadores\/\" class=\"more-link\">Continue reading<span class=\"screen-reader-text\"> &#8220;Para empleadores&#8221;<\/span><\/a><\/p>\n","protected":false},"author":7,"featured_media":9325,"parent":0,"menu_order":0,"comment_status":"closed","ping_status":"closed","template":"","meta":{"_acf_changed":false,"footnotes":""},"class_list":["post-9480","page","type-page","status-publish","has-post-thumbnail","hentry"],"acf":[],"_links":{"self":[{"href":"https:\/\/hiredynamics.com\/es\/wp-json\/wp\/v2\/pages\/9480","targetHints":{"allow":["GET"]}}],"collection":[{"href":"https:\/\/hiredynamics.com\/es\/wp-json\/wp\/v2\/pages"}],"about":[{"href":"https:\/\/hiredynamics.com\/es\/wp-json\/wp\/v2\/types\/page"}],"author":[{"embeddable":true,"href":"https:\/\/hiredynamics.com\/es\/wp-json\/wp\/v2\/users\/7"}],"replies":[{"embeddable":true,"href":"https:\/\/hiredynamics.com\/es\/wp-json\/wp\/v2\/comments?post=9480"}],"version-history":[{"count":0,"href":"https:\/\/hiredynamics.com\/es\/wp-json\/wp\/v2\/pages\/9480\/revisions"}],"wp:featuredmedia":[{"embeddable":true,"href":"https:\/\/hiredynamics.com\/es\/wp-json\/wp\/v2\/media\/9325"}],"wp:attachment":[{"href":"https:\/\/hiredynamics.com\/es\/wp-json\/wp\/v2\/media?parent=9480"}],"curies":[{"name":"wp","href":"https:\/\/api.w.org\/{rel}","templated":true}]}}