{"id":9477,"date":"2021-11-04T17:57:24","date_gmt":"2021-11-04T21:57:24","guid":{"rendered":"https:\/\/hiredynamics.com\/contrato-de-contratacion\/"},"modified":"2021-11-04T21:41:27","modified_gmt":"2021-11-05T01:41:27","slug":"contrato-de-contratacion","status":"publish","type":"page","link":"https:\/\/hiredynamics.com\/es\/solicitantes-de-empleo\/contrato-de-contratacion\/","title":{"rendered":"Contrato de contrataci\u00f3n"},"content":{"rendered":"<p><strong>Din\u00e1mica de contrataci\u00f3n<\/strong><\/p>\n<p><strong>Oportunidades de contrato para contratar en:<\/strong><\/p>\n<ul>\n<li>Posiciones del centro de contacto (de llamadas)<\/li>\n<li>Posiciones de almac\u00e9n y fabricaci\u00f3n<\/li>\n<li>Puestos administrativos y de oficina<\/li>\n<\/ul>\n<p><strong>\u00bfPor qu\u00e9 contratar a Dynamics?<\/strong><\/p>\n<ul>\n<li><strong>Grandes trabajos.<\/strong> Trabajamos con empleadores l\u00edderes en las \u00e1reas de Atlanta, GA y Reno, NV. Colocamos talentos con \u00e9xito en m\u00e1s de 25 estados cada a\u00f1o.<\/li>\n<li><strong>Oportunidad.<\/strong> La mayor\u00eda de nuestras asignaciones se realizan mediante contrato por contrataci\u00f3n durante un per\u00edodo de tres a seis meses y la mayor\u00eda conduce a puestos de tiempo completo.<\/li>\n<li><strong>Acceso incomparable.<\/strong> Descubra oportunidades no anunciadas que no est\u00e1n disponibles a trav\u00e9s de otras firmas de personal.<\/li>\n<li><strong>Flexibilidad.<\/strong> Elija entre una amplia variedad de oportunidades. Pruebe una nueva empresa o industria antes de comprometerse con su carrera.<\/li>\n<li><strong>Nuestro enfoque est\u00e1 en ti.<\/strong> No solo te colocaremos en un trabajo. Brindaremos oportunidades de crecimiento y lo ayudaremos a lograr sus objetivos profesionales.<\/li>\n<\/ul>\n<p>&nbsp;<\/p>\n<p>[button type=&#8221;primary&#8221; size=&#8221;sm&#8221; link=&#8221;https:\/\/hiredynprod.wpengine.com\/resource-center\/talent-benefits\/&#8221; target=&#8221;_blank&#8221;]Haga clic aqu\u00ed para obtener una lista de nuestros beneficios para el talento.[\/button]<\/p>\n","protected":false},"excerpt":{"rendered":"<p>Din\u00e1mica de contrataci\u00f3n Oportunidades de contrato para contratar en: Posiciones del centro de contacto (de llamadas) Posiciones de almac\u00e9n y fabricaci\u00f3n Puestos administrativos y de oficina \u00bfPor qu\u00e9 contratar a Dynamics? Grandes trabajos. Trabajamos con empleadores l\u00edderes en las \u00e1reas de Atlanta, GA y Reno, NV. Colocamos talentos con \u00e9xito en m\u00e1s de 25 estados &hellip; <\/p>\n<p class=\"link-more\"><a href=\"https:\/\/hiredynamics.com\/es\/solicitantes-de-empleo\/contrato-de-contratacion\/\" class=\"more-link\">Continue reading<span class=\"screen-reader-text\"> &#8220;Contrato de contrataci\u00f3n&#8221;<\/span><\/a><\/p>\n","protected":false},"author":7,"featured_media":8676,"parent":9481,"menu_order":0,"comment_status":"closed","ping_status":"closed","template":"","meta":{"_acf_changed":false,"footnotes":""},"class_list":["post-9477","page","type-page","status-publish","has-post-thumbnail","hentry"],"acf":[],"_links":{"self":[{"href":"https:\/\/hiredynamics.com\/es\/wp-json\/wp\/v2\/pages\/9477","targetHints":{"allow":["GET"]}}],"collection":[{"href":"https:\/\/hiredynamics.com\/es\/wp-json\/wp\/v2\/pages"}],"about":[{"href":"https:\/\/hiredynamics.com\/es\/wp-json\/wp\/v2\/types\/page"}],"author":[{"embeddable":true,"href":"https:\/\/hiredynamics.com\/es\/wp-json\/wp\/v2\/users\/7"}],"replies":[{"embeddable":true,"href":"https:\/\/hiredynamics.com\/es\/wp-json\/wp\/v2\/comments?post=9477"}],"version-history":[{"count":0,"href":"https:\/\/hiredynamics.com\/es\/wp-json\/wp\/v2\/pages\/9477\/revisions"}],"up":[{"embeddable":true,"href":"https:\/\/hiredynamics.com\/es\/wp-json\/wp\/v2\/pages\/9481"}],"wp:featuredmedia":[{"embeddable":true,"href":"https:\/\/hiredynamics.com\/es\/wp-json\/wp\/v2\/media\/8676"}],"wp:attachment":[{"href":"https:\/\/hiredynamics.com\/es\/wp-json\/wp\/v2\/media?parent=9477"}],"curies":[{"name":"wp","href":"https:\/\/api.w.org\/{rel}","templated":true}]}}